{"id":18,"date":"2025-06-14T18:59:08","date_gmt":"2025-06-14T16:59:08","guid":{"rendered":"https:\/\/vweb-dev1.fr\/?page_id=18"},"modified":"2025-07-21T14:04:09","modified_gmt":"2025-07-21T12:04:09","slug":"contact","status":"publish","type":"page","link":"https:\/\/www.sk-transports.ch\/nl\/contact\/","title":{"rendered":"Contact"},"content":{"rendered":"<div data-elementor-type=\"wp-page\" data-elementor-id=\"18\" class=\"elementor elementor-18\" data-elementor-post-type=\"page\">\n\t\t\t\t\t\t<section class=\"elementor-section elementor-top-section elementor-element elementor-element-8551d38 elementor-section-boxed elementor-section-height-default elementor-section-height-default\" data-id=\"8551d38\" data-element_type=\"section\" data-settings=\"{&quot;background_background&quot;:&quot;classic&quot;}\">\n\t\t\t\t\t\t\t<div class=\"elementor-background-overlay\"><\/div>\n\t\t\t\t\t\t\t<div class=\"elementor-container elementor-column-gap-default\">\n\t\t\t\t\t<div class=\"elementor-column elementor-col-100 elementor-top-column elementor-element elementor-element-b7dd753\" data-id=\"b7dd753\" data-element_type=\"column\">\n\t\t\t<div class=\"elementor-widget-wrap elementor-element-populated\">\n\t\t\t\t\t\t<div class=\"elementor-element elementor-element-2bbbf96 elementor-widget__width-initial elementor-invisible elementor-widget elementor-widget-heading\" data-id=\"2bbbf96\" data-element_type=\"widget\" data-settings=\"{&quot;_animation&quot;:&quot;fadeIn&quot;}\" data-widget_type=\"heading.default\">\n\t\t\t\t<div class=\"elementor-widget-container\">\n\t\t\t\t\t<div class=\"elementor-heading-title elementor-size-default\">24\/7 en feestdagen<\/div>\t\t\t\t<\/div>\n\t\t\t\t<\/div>\n\t\t\t\t<div class=\"elementor-element elementor-element-eb9b74e elementor-invisible elementor-widget elementor-widget-heading\" data-id=\"eb9b74e\" data-element_type=\"widget\" data-settings=\"{&quot;_animation&quot;:&quot;fadeIn&quot;}\" data-widget_type=\"heading.default\">\n\t\t\t\t<div class=\"elementor-widget-container\">\n\t\t\t\t\t<h1 class=\"elementor-heading-title elementor-size-default\">Neem contact met ons op<\/h1>\t\t\t\t<\/div>\n\t\t\t\t<\/div>\n\t\t\t\t<div class=\"elementor-element elementor-element-b5a9d2e elementor-invisible elementor-widget elementor-widget-heading\" data-id=\"b5a9d2e\" data-element_type=\"widget\" data-settings=\"{&quot;_animation&quot;:&quot;fadeIn&quot;,&quot;_animation_delay&quot;:500}\" data-widget_type=\"heading.default\">\n\t\t\t\t<div class=\"elementor-widget-container\">\n\t\t\t\t\t<h2 class=\"elementor-heading-title elementor-size-default\">Heeft u een vraag of wilt u meer informatie?<\/h2>\t\t\t\t<\/div>\n\t\t\t\t<\/div>\n\t\t\t\t<div class=\"elementor-element elementor-element-165b769 elementor-widget__width-auto elementor-tablet-align-center elementor-widget-tablet__width-inherit elementor-invisible elementor-widget elementor-widget-button\" data-id=\"165b769\" data-element_type=\"widget\" data-settings=\"{&quot;_animation&quot;:&quot;fadeIn&quot;,&quot;_animation_delay&quot;:700}\" data-widget_type=\"button.default\">\n\t\t\t\t<div class=\"elementor-widget-container\">\n\t\t\t\t\t\t\t\t\t<div class=\"elementor-button-wrapper\">\n\t\t\t\t\t<a class=\"elementor-button elementor-button-link elementor-size-sm\" href=\"#contact\">\n\t\t\t\t\t\t<span class=\"elementor-button-content-wrapper\">\n\t\t\t\t\t\t\t\t\t<span class=\"elementor-button-text\">Neem contact met ons op<\/span>\n\t\t\t\t\t<\/span>\n\t\t\t\t\t<\/a>\n\t\t\t\t<\/div>\n\t\t\t\t\t\t\t\t<\/div>\n\t\t\t\t<\/div>\n\t\t\t\t\t<\/div>\n\t\t<\/div>\n\t\t\t\t\t<\/div>\n\t\t<\/section>\n\t\t\t\t<section class=\"elementor-section elementor-top-section elementor-element elementor-element-7c5e82cd elementor-section-content-middle elementor-section-boxed elementor-section-height-default elementor-section-height-default\" data-id=\"7c5e82cd\" data-element_type=\"section\" id=\"contact\" data-settings=\"{&quot;background_background&quot;:&quot;classic&quot;}\">\n\t\t\t\t\t\t<div class=\"elementor-container elementor-column-gap-no\">\n\t\t\t\t\t<div class=\"elementor-column elementor-col-50 elementor-top-column elementor-element elementor-element-2e3f0376\" data-id=\"2e3f0376\" data-element_type=\"column\" data-settings=\"{&quot;background_background&quot;:&quot;gradient&quot;}\">\n\t\t\t<div class=\"elementor-widget-wrap elementor-element-populated\">\n\t\t\t\t\t\t<div class=\"elementor-element elementor-element-e2234ac elementor-widget elementor-widget-text-editor\" data-id=\"e2234ac\" data-element_type=\"widget\" data-widget_type=\"text-editor.default\">\n\t\t\t\t<div class=\"elementor-widget-container\">\n\t\t\t\t\t\t\t\t\t<h2>Neem contact op met SK Transports Gen\u00e8ve: specialist in medisch en aangepast vervoer in Gen\u00e8ve<\/h2>\n<p>Wilt u informatie over onze diensten in het kanton Gen\u00e8ve? Wilt u een reservering maken? Vul dan onderstaand formulier in.<\/p>\t\t\t\t\t\t\t\t<\/div>\n\t\t\t\t<\/div>\n\t\t\t\t<div class=\"elementor-element elementor-element-20abb9de elementor-button-align-stretch elementor-widget elementor-widget-form\" data-id=\"20abb9de\" data-element_type=\"widget\" data-settings=\"{&quot;step_next_label&quot;:&quot;Suivant&quot;,&quot;step_previous_label&quot;:&quot;Pr\\u00e9c\\u00e9dent&quot;,&quot;button_width&quot;:&quot;100&quot;,&quot;step_type&quot;:&quot;number_text&quot;,&quot;step_icon_shape&quot;:&quot;circle&quot;}\" data-widget_type=\"form.default\">\n\t\t\t\t<div class=\"elementor-widget-container\">\n\t\t\t\t\t\t\t<form class=\"elementor-form\" method=\"post\" name=\"Contact\" action=\"\">\n\t\t\t<input type=\"hidden\" name=\"post_id\" value=\"18\"\/>\n\t\t\t<input type=\"hidden\" name=\"form_id\" value=\"20abb9de\"\/>\n\t\t\t<input type=\"hidden\" name=\"referer_title\" value=\"SK Transports\" \/>\n\n\t\t\t\n\t\t\t<div class=\"elementor-form-fields-wrapper elementor-labels-above\">\n\t\t\t\t\t\t\t\t<div class=\"elementor-field-type-text elementor-field-group elementor-column elementor-field-group-name elementor-col-100\">\n\t\t\t\t\t\t\t\t\t\t\t\t<label for=\"form-field-name\" class=\"elementor-field-label\">\n\t\t\t\t\t\t\t\tVoornaam en achternaam\t\t\t\t\t\t\t<\/label>\n\t\t\t\t\t\t\t\t\t\t\t\t\t\t<input size=\"1\" type=\"text\" name=\"form_fields[name]\" id=\"form-field-name\" class=\"elementor-field elementor-size-sm  elementor-field-textual\">\n\t\t\t\t\t\t\t\t\t\t\t<\/div>\n\t\t\t\t\t\t\t\t<div class=\"elementor-field-type-email elementor-field-group elementor-column elementor-field-group-email elementor-col-100 elementor-field-required\">\n\t\t\t\t\t\t\t\t\t\t\t\t<label for=\"form-field-email\" class=\"elementor-field-label\">\n\t\t\t\t\t\t\t\tE-mailadres\t\t\t\t\t\t\t<\/label>\n\t\t\t\t\t\t\t\t\t\t\t\t\t\t<input size=\"1\" type=\"email\" name=\"form_fields[email]\" id=\"form-field-email\" class=\"elementor-field elementor-size-sm  elementor-field-textual\" required=\"required\">\n\t\t\t\t\t\t\t\t\t\t\t<\/div>\n\t\t\t\t\t\t\t\t<div class=\"elementor-field-type-tel elementor-field-group elementor-column elementor-field-group-6ed25c0 elementor-col-100\">\n\t\t\t\t\t\t\t\t\t\t\t\t<label for=\"form-field-6ed25c0\" class=\"elementor-field-label\">\n\t\t\t\t\t\t\t\tJouw telefoon\t\t\t\t\t\t\t<\/label>\n\t\t\t\t\t\t\t\t<input size=\"1\" type=\"tel\" name=\"form_fields[6ed25c0]\" id=\"form-field-6ed25c0\" class=\"elementor-field elementor-size-sm  elementor-field-textual\" pattern=\"[0-9()#&amp;+*-=.]+\" title=\"Alleen cijfers en telefoontekens (#, -, *, enz.) worden geaccepteerd.\">\n\n\t\t\t\t\t\t<\/div>\n\t\t\t\t\t\t\t\t<div class=\"elementor-field-type-textarea elementor-field-group elementor-column elementor-field-group-field_12f2488 elementor-col-100\">\n\t\t\t\t\t\t\t\t\t\t\t\t<label for=\"form-field-field_12f2488\" class=\"elementor-field-label\">\n\t\t\t\t\t\t\t\tUw bericht\t\t\t\t\t\t\t<\/label>\n\t\t\t\t\t\t<textarea class=\"elementor-field-textual elementor-field  elementor-size-sm\" name=\"form_fields[field_12f2488]\" id=\"form-field-field_12f2488\" rows=\"7\"><\/textarea>\t\t\t\t<\/div>\n\t\t\t\t\t\t\t\t<div class=\"elementor-field-type-recaptcha_v3 elementor-field-group elementor-column elementor-field-group-field_29d235c elementor-col-100 recaptcha_v3-bottomleft\">\n\t\t\t\t\t<div class=\"elementor-field\" id=\"form-field-field_29d235c\"><div class=\"elementor-g-recaptcha\" data-sitekey=\"6Lf_j2ErAAAAAHZ04n4lGOizGIIGogSYYG7SVJel\" data-type=\"v3\" data-action=\"Form\" data-badge=\"bottomleft\" data-size=\"invisible\"><\/div><\/div>\t\t\t\t<\/div>\n\t\t\t\t\t\t\t\t<div class=\"elementor-field-group elementor-column elementor-field-type-submit elementor-col-100 e-form__buttons\">\n\t\t\t\t\t<button class=\"elementor-button elementor-size-sm\" type=\"submit\">\n\t\t\t\t\t\t<span class=\"elementor-button-content-wrapper\">\n\t\t\t\t\t\t\t\t\t\t\t\t\t\t\t\t\t\t\t\t\t\t<span class=\"elementor-button-text\">Stuur het bericht<\/span>\n\t\t\t\t\t\t\t\t\t\t\t\t\t<\/span>\n\t\t\t\t\t<\/button>\n\t\t\t\t<\/div>\n\t\t\t<\/div>\n\t\t<input type=\"hidden\" name=\"trp-form-language\" value=\"nl\"\/><\/form>\n\t\t\t\t\t\t<\/div>\n\t\t\t\t<\/div>\n\t\t\t\t\t<\/div>\n\t\t<\/div>\n\t\t\t\t<div class=\"elementor-column elementor-col-50 elementor-top-column elementor-element elementor-element-5523a941\" data-id=\"5523a941\" data-element_type=\"column\">\n\t\t\t<div class=\"elementor-widget-wrap elementor-element-populated\">\n\t\t\t\t\t\t<div class=\"elementor-element elementor-element-15088c06 elementor-widget elementor-widget-google_maps\" data-id=\"15088c06\" data-element_type=\"widget\" data-widget_type=\"google_maps.default\">\n\t\t\t\t<div class=\"elementor-widget-container\">\n\t\t\t\t\t\t\t<div class=\"elementor-custom-embed\">\n\t\t\t<iframe loading=\"lazy\"\n\t\t\t\t\tsrc=\"https:\/\/maps.google.com\/maps?q=SK%20Transports%20%3A%20Transports%20Assis%20Professionnels%20%26%20S%C3%A9curis%C3%A9s&#038;t=m&#038;z=14&#038;output=embed&#038;iwloc=near\"\n\t\t\t\t\ttitle=\"SK Transports: Professioneel &amp; Veilig Zittend Vervoer\"\n\t\t\t\t\taria-label=\"SK Transports: Professioneel &amp; Veilig Zittend Vervoer\"\n\t\t\t><\/iframe>\n\t\t<\/div>\n\t\t\t\t\t\t<\/div>\n\t\t\t\t<\/div>\n\t\t\t\t\t<\/div>\n\t\t<\/div>\n\t\t\t\t\t<\/div>\n\t\t<\/section>\n\t\t\t\t<\/div>","protected":false},"excerpt":{"rendered":"<p>Neem 24\/7 en op feestdagen contact met ons op. Een vraag of informatie nodig? Neem contact met ons op. Neem contact op met SK Transports Gen\u00e8ve: specialist in medisch en aangepast vervoer in Gen\u00e8ve. Wilt u informatie over onze diensten in het kanton Gen\u00e8ve? Wilt u een reservering maken? Vul dan het [\u2026]<\/p>","protected":false},"author":1,"featured_media":0,"parent":0,"menu_order":0,"comment_status":"closed","ping_status":"closed","template":"","meta":{"footnotes":""},"class_list":["post-18","page","type-page","status-publish","hentry"],"yoast_head":"<!-- This site is optimized with the Yoast SEO plugin v25.3 - https:\/\/yoast.com\/wordpress\/plugins\/seo\/ -->\n<title>Contact et devis VSL Gen\u00e8ve, Suisse | SK Transports<\/title>\n<meta name=\"description\" content=\"Contacter SK Transports pour un devis gratuit de transport VSL, handicap ou mobilit\u00e9 r\u00e9duite sur Gen\u00e8ve. Nous r\u00e9pondons \u00e0 vos questions.\" \/>\n<meta name=\"robots\" content=\"index, follow, max-snippet:-1, max-image-preview:large, max-video-preview:-1\" \/>\n<link rel=\"canonical\" href=\"https:\/\/www.sk-transports.ch\/nl\/contact\/\" \/>\n<meta property=\"og:locale\" content=\"nl_NL\" \/>\n<meta property=\"og:type\" content=\"article\" \/>\n<meta property=\"og:title\" content=\"Contact et devis VSL Gen\u00e8ve, Suisse | SK Transports\" \/>\n<meta property=\"og:description\" content=\"Contacter SK Transports pour un devis gratuit de transport VSL, handicap ou mobilit\u00e9 r\u00e9duite sur Gen\u00e8ve. Nous r\u00e9pondons \u00e0 vos questions.\" \/>\n<meta property=\"og:url\" content=\"https:\/\/www.sk-transports.ch\/nl\/contact\/\" \/>\n<meta property=\"og:site_name\" content=\"SK Transports\" \/>\n<meta property=\"article:modified_time\" content=\"2025-07-21T12:04:09+00:00\" \/>\n<meta property=\"og:image\" content=\"https:\/\/www.sk-transports.ch\/wp-content\/uploads\/2025\/06\/1-5.webp\" \/>\n\t<meta property=\"og:image:width\" content=\"2000\" \/>\n\t<meta property=\"og:image:height\" content=\"700\" \/>\n\t<meta property=\"og:image:type\" content=\"image\/webp\" \/>\n<meta name=\"twitter:card\" content=\"summary_large_image\" \/>\n<meta name=\"twitter:label1\" content=\"Verwachte leestijd\" \/>\n\t<meta name=\"twitter:data1\" content=\"1 minuut\" \/>\n<script type=\"application\/ld+json\" class=\"yoast-schema-graph\">{\"@context\":\"https:\/\/schema.org\",\"@graph\":[{\"@type\":\"WebPage\",\"@id\":\"https:\/\/www.sk-transports.ch\/contact\/\",\"url\":\"https:\/\/www.sk-transports.ch\/contact\/\",\"name\":\"Contact et devis VSL Gen\u00e8ve, Suisse | SK Transports\",\"isPartOf\":{\"@id\":\"https:\/\/www.sk-transports.ch\/#website\"},\"datePublished\":\"2025-06-14T16:59:08+00:00\",\"dateModified\":\"2025-07-21T12:04:09+00:00\",\"description\":\"Contacter SK Transports pour un devis gratuit de transport VSL, handicap ou mobilit\u00e9 r\u00e9duite sur Gen\u00e8ve. Nous r\u00e9pondons \u00e0 vos questions.\",\"breadcrumb\":{\"@id\":\"https:\/\/www.sk-transports.ch\/contact\/#breadcrumb\"},\"inLanguage\":\"nl-NL\",\"potentialAction\":[{\"@type\":\"ReadAction\",\"target\":[\"https:\/\/www.sk-transports.ch\/contact\/\"]}]},{\"@type\":\"BreadcrumbList\",\"@id\":\"https:\/\/www.sk-transports.ch\/contact\/#breadcrumb\",\"itemListElement\":[{\"@type\":\"ListItem\",\"position\":1,\"name\":\"Accueil\",\"item\":\"https:\/\/www.sk-transports.ch\/\"},{\"@type\":\"ListItem\",\"position\":2,\"name\":\"Contact\"}]},{\"@type\":\"WebSite\",\"@id\":\"https:\/\/www.sk-transports.ch\/#website\",\"url\":\"https:\/\/www.sk-transports.ch\/\",\"name\":\"SK Transports\",\"description\":\"Transports Assis Professionnels &amp; S\u00e9curis\u00e9s\",\"publisher\":{\"@id\":\"https:\/\/www.sk-transports.ch\/#organization\"},\"alternateName\":\"SK Transports Gen\u00e8ve\",\"potentialAction\":[{\"@type\":\"SearchAction\",\"target\":{\"@type\":\"EntryPoint\",\"urlTemplate\":\"https:\/\/www.sk-transports.ch\/?s={search_term_string}\"},\"query-input\":{\"@type\":\"PropertyValueSpecification\",\"valueRequired\":true,\"valueName\":\"search_term_string\"}}],\"inLanguage\":\"nl-NL\"},{\"@type\":\"Organization\",\"@id\":\"https:\/\/www.sk-transports.ch\/#organization\",\"name\":\"SK Transports\",\"alternateName\":\"SK Transports Gen\u00e8ve\",\"url\":\"https:\/\/www.sk-transports.ch\/\",\"logo\":{\"@type\":\"ImageObject\",\"inLanguage\":\"nl-NL\",\"@id\":\"https:\/\/www.sk-transports.ch\/#\/schema\/logo\/image\/\",\"url\":\"https:\/\/vweb-dev1.fr\/wp-content\/uploads\/2025\/06\/cropped-favicon-sk-transports.png\",\"contentUrl\":\"https:\/\/vweb-dev1.fr\/wp-content\/uploads\/2025\/06\/cropped-favicon-sk-transports.png\",\"width\":512,\"height\":512,\"caption\":\"SK Transports\"},\"image\":{\"@id\":\"https:\/\/www.sk-transports.ch\/#\/schema\/logo\/image\/\"}}]}<\/script>\n<!-- \/ Yoast SEO plugin. -->","yoast_head_json":{"title":"Contact et devis VSL Gen\u00e8ve, Suisse | SK Transports","description":"Contacter SK Transports pour un devis gratuit de transport VSL, handicap ou mobilit\u00e9 r\u00e9duite sur Gen\u00e8ve. Nous r\u00e9pondons \u00e0 vos questions.","robots":{"index":"index","follow":"follow","max-snippet":"max-snippet:-1","max-image-preview":"max-image-preview:large","max-video-preview":"max-video-preview:-1"},"canonical":"https:\/\/www.sk-transports.ch\/nl\/contact\/","og_locale":"nl_NL","og_type":"article","og_title":"Contact et devis VSL Gen\u00e8ve, Suisse | SK Transports","og_description":"Contacter SK Transports pour un devis gratuit de transport VSL, handicap ou mobilit\u00e9 r\u00e9duite sur Gen\u00e8ve. Nous r\u00e9pondons \u00e0 vos questions.","og_url":"https:\/\/www.sk-transports.ch\/nl\/contact\/","og_site_name":"SK Transports","article_modified_time":"2025-07-21T12:04:09+00:00","og_image":[{"width":2000,"height":700,"url":"https:\/\/www.sk-transports.ch\/wp-content\/uploads\/2025\/06\/1-5.webp","type":"image\/webp"}],"twitter_card":"summary_large_image","twitter_misc":{"Verwachte leestijd":"1 minuut"},"schema":{"@context":"https:\/\/schema.org","@graph":[{"@type":"WebPage","@id":"https:\/\/www.sk-transports.ch\/contact\/","url":"https:\/\/www.sk-transports.ch\/contact\/","name":"Contact et devis VSL Gen\u00e8ve, Suisse | SK Transports","isPartOf":{"@id":"https:\/\/www.sk-transports.ch\/#website"},"datePublished":"2025-06-14T16:59:08+00:00","dateModified":"2025-07-21T12:04:09+00:00","description":"Contacter SK Transports pour un devis gratuit de transport VSL, handicap ou mobilit\u00e9 r\u00e9duite sur Gen\u00e8ve. Nous r\u00e9pondons \u00e0 vos questions.","breadcrumb":{"@id":"https:\/\/www.sk-transports.ch\/contact\/#breadcrumb"},"inLanguage":"nl-NL","potentialAction":[{"@type":"ReadAction","target":["https:\/\/www.sk-transports.ch\/contact\/"]}]},{"@type":"BreadcrumbList","@id":"https:\/\/www.sk-transports.ch\/contact\/#breadcrumb","itemListElement":[{"@type":"ListItem","position":1,"name":"Accueil","item":"https:\/\/www.sk-transports.ch\/"},{"@type":"ListItem","position":2,"name":"Contact"}]},{"@type":"WebSite","@id":"https:\/\/www.sk-transports.ch\/#website","url":"https:\/\/www.sk-transports.ch\/","name":"SK Transports","description":"Transports Assis Professionnels &amp; S\u00e9curis\u00e9s","publisher":{"@id":"https:\/\/www.sk-transports.ch\/#organization"},"alternateName":"SK Transports Gen\u00e8ve","potentialAction":[{"@type":"SearchAction","target":{"@type":"EntryPoint","urlTemplate":"https:\/\/www.sk-transports.ch\/?s={search_term_string}"},"query-input":{"@type":"PropertyValueSpecification","valueRequired":true,"valueName":"search_term_string"}}],"inLanguage":"nl-NL"},{"@type":"Organization","@id":"https:\/\/www.sk-transports.ch\/#organization","name":"SK Transports","alternateName":"SK Transports Gen\u00e8ve","url":"https:\/\/www.sk-transports.ch\/","logo":{"@type":"ImageObject","inLanguage":"nl-NL","@id":"https:\/\/www.sk-transports.ch\/#\/schema\/logo\/image\/","url":"https:\/\/vweb-dev1.fr\/wp-content\/uploads\/2025\/06\/cropped-favicon-sk-transports.png","contentUrl":"https:\/\/vweb-dev1.fr\/wp-content\/uploads\/2025\/06\/cropped-favicon-sk-transports.png","width":512,"height":512,"caption":"SK Transports"},"image":{"@id":"https:\/\/www.sk-transports.ch\/#\/schema\/logo\/image\/"}}]}},"_links":{"self":[{"href":"https:\/\/www.sk-transports.ch\/nl\/wp-json\/wp\/v2\/pages\/18","targetHints":{"allow":["GET"]}}],"collection":[{"href":"https:\/\/www.sk-transports.ch\/nl\/wp-json\/wp\/v2\/pages"}],"about":[{"href":"https:\/\/www.sk-transports.ch\/nl\/wp-json\/wp\/v2\/types\/page"}],"author":[{"embeddable":true,"href":"https:\/\/www.sk-transports.ch\/nl\/wp-json\/wp\/v2\/users\/1"}],"replies":[{"embeddable":true,"href":"https:\/\/www.sk-transports.ch\/nl\/wp-json\/wp\/v2\/comments?post=18"}],"version-history":[{"count":40,"href":"https:\/\/www.sk-transports.ch\/nl\/wp-json\/wp\/v2\/pages\/18\/revisions"}],"predecessor-version":[{"id":516,"href":"https:\/\/www.sk-transports.ch\/nl\/wp-json\/wp\/v2\/pages\/18\/revisions\/516"}],"wp:attachment":[{"href":"https:\/\/www.sk-transports.ch\/nl\/wp-json\/wp\/v2\/media?parent=18"}],"curies":[{"name":"wp","href":"https:\/\/api.w.org\/{rel}","templated":true}]}}