{"id":605,"date":"2025-07-22T17:45:46","date_gmt":"2025-07-22T15:45:46","guid":{"rendered":"https:\/\/vweb-dev1.fr\/?page_id=605"},"modified":"2025-07-22T17:48:06","modified_gmt":"2025-07-22T15:48:06","slug":"vip","status":"publish","type":"page","link":"https:\/\/www.sk-transports.ch\/en\/vip\/","title":{"rendered":"VIP"},"content":{"rendered":"<div data-elementor-type=\"wp-page\" data-elementor-id=\"605\" class=\"elementor elementor-605\" data-elementor-post-type=\"page\">\n\t\t\t\t\t\t<section class=\"elementor-section elementor-top-section elementor-element elementor-element-1312d1b elementor-section-height-min-height elementor-section-boxed elementor-section-height-default elementor-section-items-middle\" data-id=\"1312d1b\" data-element_type=\"section\" data-settings=\"{&quot;background_background&quot;:&quot;classic&quot;}\">\n\t\t\t\t\t\t\t<div class=\"elementor-background-overlay\"><\/div>\n\t\t\t\t\t\t\t<div class=\"elementor-container elementor-column-gap-default\">\n\t\t\t\t\t<div class=\"elementor-column elementor-col-100 elementor-top-column elementor-element elementor-element-c65e97f\" data-id=\"c65e97f\" data-element_type=\"column\">\n\t\t\t<div class=\"elementor-widget-wrap elementor-element-populated\">\n\t\t\t\t\t\t<div class=\"elementor-element elementor-element-8a4c10b elementor-align-left elementor-mobile-align-center elementor-widget elementor-widget-breadcrumbs\" data-id=\"8a4c10b\" data-element_type=\"widget\" data-widget_type=\"breadcrumbs.default\">\n\t\t\t\t<div class=\"elementor-widget-container\">\n\t\t\t\t\t<p id=\"breadcrumbs\"><span><span><a href=\"https:\/\/www.sk-transports.ch\/en\/\">Welcome<\/a><\/span><\/span><\/p>\t\t\t\t<\/div>\n\t\t\t\t<\/div>\n\t\t\t\t<div class=\"elementor-element elementor-element-6c35704 elementor-invisible elementor-widget elementor-widget-heading\" data-id=\"6c35704\" data-element_type=\"widget\" data-settings=\"{&quot;_animation&quot;:&quot;fadeIn&quot;}\" data-widget_type=\"heading.default\">\n\t\t\t\t<div class=\"elementor-widget-container\">\n\t\t\t\t\t<h1 class=\"elementor-heading-title elementor-size-default\">VIP vehicles<\/h1>\t\t\t\t<\/div>\n\t\t\t\t<\/div>\n\t\t\t\t<div class=\"elementor-element elementor-element-95ade6e elementor-invisible elementor-widget elementor-widget-heading\" data-id=\"95ade6e\" data-element_type=\"widget\" data-settings=\"{&quot;_animation&quot;:&quot;fadeIn&quot;,&quot;_animation_delay&quot;:500}\" data-widget_type=\"heading.default\">\n\t\t\t\t<div class=\"elementor-widget-container\">\n\t\t\t\t\t<h2 class=\"elementor-heading-title elementor-size-default\">Our high-end vehicles with all the necessary comfort.<\/h2>\t\t\t\t<\/div>\n\t\t\t\t<\/div>\n\t\t\t\t<div class=\"elementor-element elementor-element-6511613 elementor-widget__width-auto elementor-tablet-align-center elementor-widget-tablet__width-inherit elementor-invisible elementor-widget elementor-widget-button\" data-id=\"6511613\" data-element_type=\"widget\" data-settings=\"{&quot;_animation&quot;:&quot;fadeIn&quot;,&quot;_animation_delay&quot;:700}\" data-widget_type=\"button.default\">\n\t\t\t\t<div class=\"elementor-widget-container\">\n\t\t\t\t\t\t\t\t\t<div class=\"elementor-button-wrapper\">\n\t\t\t\t\t<a class=\"elementor-button elementor-button-link elementor-size-sm\" href=\"https:\/\/www.sk-transports.ch\/en\/contact\/\">\n\t\t\t\t\t\t<span class=\"elementor-button-content-wrapper\">\n\t\t\t\t\t\t\t\t\t<span class=\"elementor-button-text\">Contact us<\/span>\n\t\t\t\t\t<\/span>\n\t\t\t\t\t<\/a>\n\t\t\t\t<\/div>\n\t\t\t\t\t\t\t\t<\/div>\n\t\t\t\t<\/div>\n\t\t\t\t\t<\/div>\n\t\t<\/div>\n\t\t\t\t\t<\/div>\n\t\t<\/section>\n\t\t\t\t<section class=\"elementor-section elementor-top-section elementor-element elementor-element-c6ce813 elementor-section-boxed elementor-section-height-default elementor-section-height-default\" data-id=\"c6ce813\" data-element_type=\"section\">\n\t\t\t\t\t\t<div class=\"elementor-container elementor-column-gap-default\">\n\t\t\t\t\t<div class=\"elementor-column elementor-col-100 elementor-top-column elementor-element elementor-element-d48a485\" data-id=\"d48a485\" data-element_type=\"column\">\n\t\t\t<div class=\"elementor-widget-wrap elementor-element-populated\">\n\t\t\t\t\t\t<div class=\"elementor-element elementor-element-7e416cd elementor-widget elementor-widget-text-editor\" data-id=\"7e416cd\" data-element_type=\"widget\" data-widget_type=\"text-editor.default\">\n\t\t\t\t<div class=\"elementor-widget-container\">\n\t\t\t\t\t\t\t\t\t<h2>vehicles in pictures<\/h2>\t\t\t\t\t\t\t\t<\/div>\n\t\t\t\t<\/div>\n\t\t\t\t\t<\/div>\n\t\t<\/div>\n\t\t\t\t\t<\/div>\n\t\t<\/section>\n\t\t\t\t<section class=\"elementor-section elementor-top-section elementor-element elementor-element-1e73c95 elementor-section-full_width elementor-section-height-default elementor-section-height-default\" data-id=\"1e73c95\" data-element_type=\"section\">\n\t\t\t\t\t\t<div class=\"elementor-container elementor-column-gap-default\">\n\t\t\t\t\t<div class=\"elementor-column elementor-col-100 elementor-top-column elementor-element elementor-element-f77fe84\" data-id=\"f77fe84\" data-element_type=\"column\">\n\t\t\t<div class=\"elementor-widget-wrap elementor-element-populated\">\n\t\t\t\t\t\t<div class=\"elementor-element elementor-element-d6b1f67 elementor-widget elementor-widget-gallery\" data-id=\"d6b1f67\" data-element_type=\"widget\" data-settings=\"{&quot;columns&quot;:3,&quot;lazyload&quot;:&quot;yes&quot;,&quot;gallery_layout&quot;:&quot;grid&quot;,&quot;columns_tablet&quot;:2,&quot;columns_mobile&quot;:1,&quot;gap&quot;:{&quot;unit&quot;:&quot;px&quot;,&quot;size&quot;:10,&quot;sizes&quot;:[]},&quot;gap_tablet&quot;:{&quot;unit&quot;:&quot;px&quot;,&quot;size&quot;:10,&quot;sizes&quot;:[]},&quot;gap_mobile&quot;:{&quot;unit&quot;:&quot;px&quot;,&quot;size&quot;:10,&quot;sizes&quot;:[]},&quot;link_to&quot;:&quot;file&quot;,&quot;aspect_ratio&quot;:&quot;3:2&quot;,&quot;overlay_background&quot;:&quot;yes&quot;,&quot;content_hover_animation&quot;:&quot;fade-in&quot;}\" data-widget_type=\"gallery.default\">\n\t\t\t\t<div class=\"elementor-widget-container\">\n\t\t\t\t\t\t\t<div class=\"elementor-gallery__container\">\n\t\t\t\t\t\t\t<a class=\"e-gallery-item elementor-gallery-item elementor-animated-content\" href=\"https:\/\/www.sk-transports.ch\/wp-content\/uploads\/2025\/06\/vehicule-medical-genve-pour-le-transport-de-patients.webp\" data-elementor-open-lightbox=\"yes\" data-elementor-lightbox-slideshow=\"d6b1f67\" data-elementor-lightbox-title=\"ve\u0301hicule me\u0301dical genve pour le transport de patients\" data-elementor-lightbox-description=\"ve\u0301hicule me\u0301dical genve pour le transport de patients\" data-e-action-hash=\"#elementor-action%3Aaction%3Dlightbox%26settings%3DeyJpZCI6MjU3LCJ1cmwiOiJodHRwczpcL1wvd3d3LnNrLXRyYW5zcG9ydHMuY2hcL3dwLWNvbnRlbnRcL3VwbG9hZHNcLzIwMjVcLzA2XC92ZWhpY3VsZS1tZWRpY2FsLWdlbnZlLXBvdXItbGUtdHJhbnNwb3J0LWRlLXBhdGllbnRzLndlYnAiLCJzbGlkZXNob3ciOiJkNmIxZjY3In0%3D\">\n\t\t\t\t\t<div class=\"e-gallery-image elementor-gallery-item__image\" data-thumbnail=\"https:\/\/www.sk-transports.ch\/wp-content\/uploads\/2025\/06\/vehicule-medical-genve-pour-le-transport-de-patients.webp\" data-width=\"2560\" data-height=\"1920\" aria-label=\"Geneva medical vehicle for patient transport\" role=\"img\" ><\/div>\n\t\t\t\t\t\t\t\t\t\t\t<div class=\"elementor-gallery-item__overlay\"><\/div>\n\t\t\t\t\t\t\t\t\t\t\t\t\t\t<\/a>\n\t\t\t\t\t\t\t<a class=\"e-gallery-item elementor-gallery-item elementor-animated-content\" href=\"https:\/\/www.sk-transports.ch\/wp-content\/uploads\/2025\/06\/transport-medical-a-geneve-1.webp\" data-elementor-open-lightbox=\"yes\" data-elementor-lightbox-slideshow=\"d6b1f67\" data-elementor-lightbox-title=\"transport me\u0301dical a\u0300 gene\u0300ve (1)\" data-elementor-lightbox-description=\"transport me\u0301dical a\u0300 gene\u0300ve (1)\" data-e-action-hash=\"#elementor-action%3Aaction%3Dlightbox%26settings%3DeyJpZCI6MjY0LCJ1cmwiOiJodHRwczpcL1wvd3d3LnNrLXRyYW5zcG9ydHMuY2hcL3dwLWNvbnRlbnRcL3VwbG9hZHNcLzIwMjVcLzA2XC90cmFuc3BvcnQtbWVkaWNhbC1hLWdlbmV2ZS0xLndlYnAiLCJzbGlkZXNob3ciOiJkNmIxZjY3In0%3D\">\n\t\t\t\t\t<div class=\"e-gallery-image elementor-gallery-item__image\" data-thumbnail=\"https:\/\/www.sk-transports.ch\/wp-content\/uploads\/2025\/06\/transport-medical-a-geneve-1.webp\" data-width=\"2048\" data-height=\"1721\" aria-label=\"medical transport in Geneva (1)\" role=\"img\" ><\/div>\n\t\t\t\t\t\t\t\t\t\t\t<div class=\"elementor-gallery-item__overlay\"><\/div>\n\t\t\t\t\t\t\t\t\t\t\t\t\t\t<\/a>\n\t\t\t\t\t\t\t<a class=\"e-gallery-item elementor-gallery-item elementor-animated-content\" href=\"https:\/\/www.sk-transports.ch\/wp-content\/uploads\/2025\/06\/chauffeur-qualite-pour-soins-medicaux-geneve-1.webp\" data-elementor-open-lightbox=\"yes\" data-elementor-lightbox-slideshow=\"d6b1f67\" data-elementor-lightbox-title=\"chauffeur qualite\u0301 pour soins me\u0301dicaux gene\u0300ve (1)\" data-elementor-lightbox-description=\"chauffeur qualite\u0301 pour soins me\u0301dicaux gene\u0300ve (1)\" data-e-action-hash=\"#elementor-action%3Aaction%3Dlightbox%26settings%3DeyJpZCI6MjY1LCJ1cmwiOiJodHRwczpcL1wvd3d3LnNrLXRyYW5zcG9ydHMuY2hcL3dwLWNvbnRlbnRcL3VwbG9hZHNcLzIwMjVcLzA2XC9jaGF1ZmZldXItcXVhbGl0ZS1wb3VyLXNvaW5zLW1lZGljYXV4LWdlbmV2ZS0xLndlYnAiLCJzbGlkZXNob3ciOiJkNmIxZjY3In0%3D\">\n\t\t\t\t\t<div class=\"e-gallery-image elementor-gallery-item__image\" data-thumbnail=\"https:\/\/www.sk-transports.ch\/wp-content\/uploads\/2025\/06\/chauffeur-qualite-pour-soins-medicaux-geneve-1.webp\" data-width=\"2048\" data-height=\"1536\" aria-label=\"quality driver for medical care Geneva (1)\" role=\"img\" ><\/div>\n\t\t\t\t\t\t\t\t\t\t\t<div class=\"elementor-gallery-item__overlay\"><\/div>\n\t\t\t\t\t\t\t\t\t\t\t\t\t\t<\/a>\n\t\t\t\t\t\t\t<a class=\"e-gallery-item elementor-gallery-item elementor-animated-content\" href=\"https:\/\/www.sk-transports.ch\/wp-content\/uploads\/2025\/06\/service-de-proximite-a-geneve.webp\" data-elementor-open-lightbox=\"yes\" data-elementor-lightbox-slideshow=\"d6b1f67\" data-elementor-lightbox-title=\"service de proximite\u0301 a\u0300 gene\u0300ve\" data-elementor-lightbox-description=\"service de proximite\u0301 a\u0300 gene\u0300ve\" data-e-action-hash=\"#elementor-action%3Aaction%3Dlightbox%26settings%3DeyJpZCI6Mzc0LCJ1cmwiOiJodHRwczpcL1wvd3d3LnNrLXRyYW5zcG9ydHMuY2hcL3dwLWNvbnRlbnRcL3VwbG9hZHNcLzIwMjVcLzA2XC9zZXJ2aWNlLWRlLXByb3hpbWl0ZS1hLWdlbmV2ZS53ZWJwIiwic2xpZGVzaG93IjoiZDZiMWY2NyJ9\">\n\t\t\t\t\t<div class=\"e-gallery-image elementor-gallery-item__image\" data-thumbnail=\"https:\/\/www.sk-transports.ch\/wp-content\/uploads\/2025\/06\/service-de-proximite-a-geneve.webp\" data-width=\"2048\" data-height=\"1536\" aria-label=\"local service in Geneva\" role=\"img\" ><\/div>\n\t\t\t\t\t\t\t\t\t\t\t<div class=\"elementor-gallery-item__overlay\"><\/div>\n\t\t\t\t\t\t\t\t\t\t\t\t\t\t<\/a>\n\t\t\t\t\t\t\t<a class=\"e-gallery-item elementor-gallery-item elementor-animated-content\" href=\"https:\/\/www.sk-transports.ch\/wp-content\/uploads\/2025\/06\/vehicules-sanitaires-equipes-a-geneve.webp\" data-elementor-open-lightbox=\"yes\" data-elementor-lightbox-slideshow=\"d6b1f67\" data-elementor-lightbox-title=\"ve\u0301hicules sanitaires e\u0301quipe\u0301s a\u0300 gene\u0300ve\" data-elementor-lightbox-description=\"ve\u0301hicules sanitaires e\u0301quipe\u0301s a\u0300 gene\u0300ve\" data-e-action-hash=\"#elementor-action%3Aaction%3Dlightbox%26settings%3DeyJpZCI6Mzc1LCJ1cmwiOiJodHRwczpcL1wvd3d3LnNrLXRyYW5zcG9ydHMuY2hcL3dwLWNvbnRlbnRcL3VwbG9hZHNcLzIwMjVcLzA2XC92ZWhpY3VsZXMtc2FuaXRhaXJlcy1lcXVpcGVzLWEtZ2VuZXZlLndlYnAiLCJzbGlkZXNob3ciOiJkNmIxZjY3In0%3D\">\n\t\t\t\t\t<div class=\"e-gallery-image elementor-gallery-item__image\" data-thumbnail=\"https:\/\/www.sk-transports.ch\/wp-content\/uploads\/2025\/06\/vehicules-sanitaires-equipes-a-geneve.webp\" data-width=\"2048\" data-height=\"1536\" aria-label=\"equipped medical vehicles in Geneva\" role=\"img\" ><\/div>\n\t\t\t\t\t\t\t\t\t\t\t<div class=\"elementor-gallery-item__overlay\"><\/div>\n\t\t\t\t\t\t\t\t\t\t\t\t\t\t<\/a>\n\t\t\t\t\t\t\t<a class=\"e-gallery-item elementor-gallery-item elementor-animated-content\" href=\"https:\/\/www.sk-transports.ch\/wp-content\/uploads\/2025\/06\/Photo-03-Classe-V-1.0-scaled.webp\" data-elementor-open-lightbox=\"yes\" data-elementor-lightbox-slideshow=\"d6b1f67\" data-elementor-lightbox-title=\"Photo 03 Classe V 1.0\" data-elementor-lightbox-description=\"Photo 03 Classe V 1.0\" data-e-action-hash=\"#elementor-action%3Aaction%3Dlightbox%26settings%3DeyJpZCI6MzcsInVybCI6Imh0dHBzOlwvXC93d3cuc2stdHJhbnNwb3J0cy5jaFwvd3AtY29udGVudFwvdXBsb2Fkc1wvMjAyNVwvMDZcL1Bob3RvLTAzLUNsYXNzZS1WLTEuMC1zY2FsZWQud2VicCIsInNsaWRlc2hvdyI6ImQ2YjFmNjcifQ%3D%3D\">\n\t\t\t\t\t<div class=\"e-gallery-image elementor-gallery-item__image\" data-thumbnail=\"https:\/\/www.sk-transports.ch\/wp-content\/uploads\/2025\/06\/Photo-03-Classe-V-1.0-scaled.webp\" data-width=\"1920\" data-height=\"2560\" aria-label=\"Photo 03 Class V 1.0\" role=\"img\" ><\/div>\n\t\t\t\t\t\t\t\t\t\t\t<div class=\"elementor-gallery-item__overlay\"><\/div>\n\t\t\t\t\t\t\t\t\t\t\t\t\t\t<\/a>\n\t\t\t\t\t<\/div>\n\t\t\t\t\t<\/div>\n\t\t\t\t<\/div>\n\t\t\t\t\t<\/div>\n\t\t<\/div>\n\t\t\t\t\t<\/div>\n\t\t<\/section>\n\t\t\t\t<\/div>","protected":false},"excerpt":{"rendered":"<p>VIP vehicles Our high-end vehicles with all the necessary comfort. Contact us for vehicle images.<\/p>","protected":false},"author":1,"featured_media":350,"parent":0,"menu_order":0,"comment_status":"closed","ping_status":"closed","template":"","meta":{"footnotes":""},"class_list":["post-605","page","type-page","status-publish","has-post-thumbnail","hentry"],"yoast_head":"<!-- This site is optimized with the Yoast SEO plugin v25.3 - https:\/\/yoast.com\/wordpress\/plugins\/seo\/ -->\n<title>Nos v\u00e9hicules VIP \u00e0 Gen\u00e8ve | SK Transports<\/title>\n<meta name=\"description\" content=\"Nos v\u00e9hicules de transport VIP pour Gen\u00e8ve et la Suisse : D\u00e9couvrez nos v\u00e9hicule haut de gamme pour vos transports \u00e0 Gen\u00e8ve.\" \/>\n<meta name=\"robots\" content=\"index, follow, max-snippet:-1, max-image-preview:large, max-video-preview:-1\" \/>\n<link rel=\"canonical\" href=\"https:\/\/www.sk-transports.ch\/en\/vip\/\" \/>\n<meta property=\"og:locale\" content=\"en_GB\" \/>\n<meta property=\"og:type\" content=\"article\" \/>\n<meta property=\"og:title\" content=\"Nos v\u00e9hicules VIP \u00e0 Gen\u00e8ve | SK Transports\" \/>\n<meta property=\"og:description\" content=\"Nos v\u00e9hicules de transport VIP pour Gen\u00e8ve et la Suisse : D\u00e9couvrez nos v\u00e9hicule haut de gamme pour vos transports \u00e0 Gen\u00e8ve.\" \/>\n<meta property=\"og:url\" content=\"https:\/\/www.sk-transports.ch\/en\/vip\/\" \/>\n<meta property=\"og:site_name\" content=\"SK Transports\" \/>\n<meta property=\"article:modified_time\" content=\"2025-07-22T15:48:06+00:00\" \/>\n<meta property=\"og:image\" content=\"https:\/\/www.sk-transports.ch\/wp-content\/uploads\/2025\/06\/Un-service-de-proximite-au-coeur-de-Geneve.webp\" \/>\n\t<meta property=\"og:image:width\" content=\"2048\" \/>\n\t<meta property=\"og:image:height\" content=\"1536\" \/>\n\t<meta property=\"og:image:type\" content=\"image\/webp\" \/>\n<meta name=\"twitter:card\" content=\"summary_large_image\" \/>\n<meta name=\"twitter:label1\" content=\"Estimated reading time\" \/>\n\t<meta name=\"twitter:data1\" content=\"1 minute\" \/>\n<script type=\"application\/ld+json\" class=\"yoast-schema-graph\">{\"@context\":\"https:\/\/schema.org\",\"@graph\":[{\"@type\":\"WebPage\",\"@id\":\"https:\/\/www.sk-transports.ch\/vip\/\",\"url\":\"https:\/\/www.sk-transports.ch\/vip\/\",\"name\":\"Nos v\u00e9hicules VIP \u00e0 Gen\u00e8ve | SK Transports\",\"isPartOf\":{\"@id\":\"https:\/\/www.sk-transports.ch\/#website\"},\"primaryImageOfPage\":{\"@id\":\"https:\/\/www.sk-transports.ch\/vip\/#primaryimage\"},\"image\":{\"@id\":\"https:\/\/www.sk-transports.ch\/vip\/#primaryimage\"},\"thumbnailUrl\":\"https:\/\/www.sk-transports.ch\/wp-content\/uploads\/2025\/06\/Un-service-de-proximite-au-coeur-de-Geneve.webp\",\"datePublished\":\"2025-07-22T15:45:46+00:00\",\"dateModified\":\"2025-07-22T15:48:06+00:00\",\"description\":\"Nos v\u00e9hicules de transport VIP pour Gen\u00e8ve et la Suisse : D\u00e9couvrez nos v\u00e9hicule haut de gamme pour vos transports \u00e0 Gen\u00e8ve.\",\"breadcrumb\":{\"@id\":\"https:\/\/www.sk-transports.ch\/vip\/#breadcrumb\"},\"inLanguage\":\"en-GB\",\"potentialAction\":[{\"@type\":\"ReadAction\",\"target\":[\"https:\/\/www.sk-transports.ch\/vip\/\"]}]},{\"@type\":\"ImageObject\",\"inLanguage\":\"en-GB\",\"@id\":\"https:\/\/www.sk-transports.ch\/vip\/#primaryimage\",\"url\":\"https:\/\/www.sk-transports.ch\/wp-content\/uploads\/2025\/06\/Un-service-de-proximite-au-coeur-de-Geneve.webp\",\"contentUrl\":\"https:\/\/www.sk-transports.ch\/wp-content\/uploads\/2025\/06\/Un-service-de-proximite-au-coeur-de-Geneve.webp\",\"width\":2048,\"height\":1536,\"caption\":\"Un service de proximite\u0301 au c\u0153ur de Gene\u0300ve\"},{\"@type\":\"BreadcrumbList\",\"@id\":\"https:\/\/www.sk-transports.ch\/vip\/#breadcrumb\",\"itemListElement\":[{\"@type\":\"ListItem\",\"position\":1,\"name\":\"Accueil\",\"item\":\"https:\/\/www.sk-transports.ch\/\"},{\"@type\":\"ListItem\",\"position\":2,\"name\":\"VIP\"}]},{\"@type\":\"WebSite\",\"@id\":\"https:\/\/www.sk-transports.ch\/#website\",\"url\":\"https:\/\/www.sk-transports.ch\/\",\"name\":\"SK Transports\",\"description\":\"Transports Assis Professionnels &amp; S\u00e9curis\u00e9s\",\"publisher\":{\"@id\":\"https:\/\/www.sk-transports.ch\/#organization\"},\"alternateName\":\"SK Transports Gen\u00e8ve\",\"potentialAction\":[{\"@type\":\"SearchAction\",\"target\":{\"@type\":\"EntryPoint\",\"urlTemplate\":\"https:\/\/www.sk-transports.ch\/?s={search_term_string}\"},\"query-input\":{\"@type\":\"PropertyValueSpecification\",\"valueRequired\":true,\"valueName\":\"search_term_string\"}}],\"inLanguage\":\"en-GB\"},{\"@type\":\"Organization\",\"@id\":\"https:\/\/www.sk-transports.ch\/#organization\",\"name\":\"SK Transports\",\"alternateName\":\"SK Transports Gen\u00e8ve\",\"url\":\"https:\/\/www.sk-transports.ch\/\",\"logo\":{\"@type\":\"ImageObject\",\"inLanguage\":\"en-GB\",\"@id\":\"https:\/\/www.sk-transports.ch\/#\/schema\/logo\/image\/\",\"url\":\"https:\/\/vweb-dev1.fr\/wp-content\/uploads\/2025\/06\/cropped-favicon-sk-transports.png\",\"contentUrl\":\"https:\/\/vweb-dev1.fr\/wp-content\/uploads\/2025\/06\/cropped-favicon-sk-transports.png\",\"width\":512,\"height\":512,\"caption\":\"SK Transports\"},\"image\":{\"@id\":\"https:\/\/www.sk-transports.ch\/#\/schema\/logo\/image\/\"}}]}<\/script>\n<!-- \/ Yoast SEO plugin. -->","yoast_head_json":{"title":"Nos v\u00e9hicules VIP \u00e0 Gen\u00e8ve | SK Transports","description":"Nos v\u00e9hicules de transport VIP pour Gen\u00e8ve et la Suisse : D\u00e9couvrez nos v\u00e9hicule haut de gamme pour vos transports \u00e0 Gen\u00e8ve.","robots":{"index":"index","follow":"follow","max-snippet":"max-snippet:-1","max-image-preview":"max-image-preview:large","max-video-preview":"max-video-preview:-1"},"canonical":"https:\/\/www.sk-transports.ch\/en\/vip\/","og_locale":"en_GB","og_type":"article","og_title":"Nos v\u00e9hicules VIP \u00e0 Gen\u00e8ve | SK Transports","og_description":"Nos v\u00e9hicules de transport VIP pour Gen\u00e8ve et la Suisse : D\u00e9couvrez nos v\u00e9hicule haut de gamme pour vos transports \u00e0 Gen\u00e8ve.","og_url":"https:\/\/www.sk-transports.ch\/en\/vip\/","og_site_name":"SK Transports","article_modified_time":"2025-07-22T15:48:06+00:00","og_image":[{"width":2048,"height":1536,"url":"https:\/\/www.sk-transports.ch\/wp-content\/uploads\/2025\/06\/Un-service-de-proximite-au-coeur-de-Geneve.webp","type":"image\/webp"}],"twitter_card":"summary_large_image","twitter_misc":{"Estimated reading time":"1 minute"},"schema":{"@context":"https:\/\/schema.org","@graph":[{"@type":"WebPage","@id":"https:\/\/www.sk-transports.ch\/vip\/","url":"https:\/\/www.sk-transports.ch\/vip\/","name":"Nos v\u00e9hicules VIP \u00e0 Gen\u00e8ve | SK Transports","isPartOf":{"@id":"https:\/\/www.sk-transports.ch\/#website"},"primaryImageOfPage":{"@id":"https:\/\/www.sk-transports.ch\/vip\/#primaryimage"},"image":{"@id":"https:\/\/www.sk-transports.ch\/vip\/#primaryimage"},"thumbnailUrl":"https:\/\/www.sk-transports.ch\/wp-content\/uploads\/2025\/06\/Un-service-de-proximite-au-coeur-de-Geneve.webp","datePublished":"2025-07-22T15:45:46+00:00","dateModified":"2025-07-22T15:48:06+00:00","description":"Nos v\u00e9hicules de transport VIP pour Gen\u00e8ve et la Suisse : D\u00e9couvrez nos v\u00e9hicule haut de gamme pour vos transports \u00e0 Gen\u00e8ve.","breadcrumb":{"@id":"https:\/\/www.sk-transports.ch\/vip\/#breadcrumb"},"inLanguage":"en-GB","potentialAction":[{"@type":"ReadAction","target":["https:\/\/www.sk-transports.ch\/vip\/"]}]},{"@type":"ImageObject","inLanguage":"en-GB","@id":"https:\/\/www.sk-transports.ch\/vip\/#primaryimage","url":"https:\/\/www.sk-transports.ch\/wp-content\/uploads\/2025\/06\/Un-service-de-proximite-au-coeur-de-Geneve.webp","contentUrl":"https:\/\/www.sk-transports.ch\/wp-content\/uploads\/2025\/06\/Un-service-de-proximite-au-coeur-de-Geneve.webp","width":2048,"height":1536,"caption":"Un service de proximite\u0301 au c\u0153ur de Gene\u0300ve"},{"@type":"BreadcrumbList","@id":"https:\/\/www.sk-transports.ch\/vip\/#breadcrumb","itemListElement":[{"@type":"ListItem","position":1,"name":"Accueil","item":"https:\/\/www.sk-transports.ch\/"},{"@type":"ListItem","position":2,"name":"VIP"}]},{"@type":"WebSite","@id":"https:\/\/www.sk-transports.ch\/#website","url":"https:\/\/www.sk-transports.ch\/","name":"SK Transports","description":"Transports Assis Professionnels &amp; S\u00e9curis\u00e9s","publisher":{"@id":"https:\/\/www.sk-transports.ch\/#organization"},"alternateName":"SK Transports Gen\u00e8ve","potentialAction":[{"@type":"SearchAction","target":{"@type":"EntryPoint","urlTemplate":"https:\/\/www.sk-transports.ch\/?s={search_term_string}"},"query-input":{"@type":"PropertyValueSpecification","valueRequired":true,"valueName":"search_term_string"}}],"inLanguage":"en-GB"},{"@type":"Organization","@id":"https:\/\/www.sk-transports.ch\/#organization","name":"SK Transports","alternateName":"SK Transports Gen\u00e8ve","url":"https:\/\/www.sk-transports.ch\/","logo":{"@type":"ImageObject","inLanguage":"en-GB","@id":"https:\/\/www.sk-transports.ch\/#\/schema\/logo\/image\/","url":"https:\/\/vweb-dev1.fr\/wp-content\/uploads\/2025\/06\/cropped-favicon-sk-transports.png","contentUrl":"https:\/\/vweb-dev1.fr\/wp-content\/uploads\/2025\/06\/cropped-favicon-sk-transports.png","width":512,"height":512,"caption":"SK Transports"},"image":{"@id":"https:\/\/www.sk-transports.ch\/#\/schema\/logo\/image\/"}}]}},"_links":{"self":[{"href":"https:\/\/www.sk-transports.ch\/en\/wp-json\/wp\/v2\/pages\/605","targetHints":{"allow":["GET"]}}],"collection":[{"href":"https:\/\/www.sk-transports.ch\/en\/wp-json\/wp\/v2\/pages"}],"about":[{"href":"https:\/\/www.sk-transports.ch\/en\/wp-json\/wp\/v2\/types\/page"}],"author":[{"embeddable":true,"href":"https:\/\/www.sk-transports.ch\/en\/wp-json\/wp\/v2\/users\/1"}],"replies":[{"embeddable":true,"href":"https:\/\/www.sk-transports.ch\/en\/wp-json\/wp\/v2\/comments?post=605"}],"version-history":[{"count":4,"href":"https:\/\/www.sk-transports.ch\/en\/wp-json\/wp\/v2\/pages\/605\/revisions"}],"predecessor-version":[{"id":609,"href":"https:\/\/www.sk-transports.ch\/en\/wp-json\/wp\/v2\/pages\/605\/revisions\/609"}],"wp:featuredmedia":[{"embeddable":true,"href":"https:\/\/www.sk-transports.ch\/en\/wp-json\/wp\/v2\/media\/350"}],"wp:attachment":[{"href":"https:\/\/www.sk-transports.ch\/en\/wp-json\/wp\/v2\/media?parent=605"}],"curies":[{"name":"wp","href":"https:\/\/api.w.org\/{rel}","templated":true}]}}