{"id":21,"date":"2025-06-14T18:59:18","date_gmt":"2025-06-14T16:59:18","guid":{"rendered":"https:\/\/vweb-dev1.fr\/?page_id=21"},"modified":"2025-07-22T17:40:37","modified_gmt":"2025-07-22T15:40:37","slug":"mentions-legales","status":"publish","type":"page","link":"https:\/\/www.sk-transports.ch\/en\/legal-notices\/","title":{"rendered":"Legal notices"},"content":{"rendered":"<div data-elementor-type=\"wp-page\" data-elementor-id=\"21\" class=\"elementor elementor-21\" data-elementor-post-type=\"page\">\n\t\t\t\t\t\t<section class=\"elementor-section elementor-top-section elementor-element elementor-element-5a97c4e elementor-section-boxed elementor-section-height-default elementor-section-height-default\" data-id=\"5a97c4e\" data-element_type=\"section\" data-settings=\"{&quot;background_background&quot;:&quot;classic&quot;}\">\n\t\t\t\t\t\t\t<div class=\"elementor-background-overlay\"><\/div>\n\t\t\t\t\t\t\t<div class=\"elementor-container elementor-column-gap-default\">\n\t\t\t\t\t<div class=\"elementor-column elementor-col-100 elementor-top-column elementor-element elementor-element-d611578\" data-id=\"d611578\" data-element_type=\"column\">\n\t\t\t<div class=\"elementor-widget-wrap elementor-element-populated\">\n\t\t\t\t\t\t<div class=\"elementor-element elementor-element-7d40b3e elementor-align-left elementor-mobile-align-center elementor-widget elementor-widget-breadcrumbs\" data-id=\"7d40b3e\" data-element_type=\"widget\" data-widget_type=\"breadcrumbs.default\">\n\t\t\t\t<div class=\"elementor-widget-container\">\n\t\t\t\t\t<p id=\"breadcrumbs\"><span><span><a href=\"https:\/\/www.sk-transports.ch\/en\/\">Welcome<\/a><\/span><\/span><\/p>\t\t\t\t<\/div>\n\t\t\t\t<\/div>\n\t\t\t\t<div class=\"elementor-element elementor-element-f447ccb elementor-invisible elementor-widget elementor-widget-heading\" data-id=\"f447ccb\" data-element_type=\"widget\" data-settings=\"{&quot;_animation&quot;:&quot;fadeIn&quot;}\" data-widget_type=\"heading.default\">\n\t\t\t\t<div class=\"elementor-widget-container\">\n\t\t\t\t\t<h1 class=\"elementor-heading-title elementor-size-default\">legal notices<\/h1>\t\t\t\t<\/div>\n\t\t\t\t<\/div>\n\t\t\t\t\t<\/div>\n\t\t<\/div>\n\t\t\t\t\t<\/div>\n\t\t<\/section>\n\t\t\t\t<section class=\"elementor-section elementor-top-section elementor-element elementor-element-de616f0 elementor-section-boxed elementor-section-height-default elementor-section-height-default\" data-id=\"de616f0\" data-element_type=\"section\">\n\t\t\t\t\t\t<div class=\"elementor-container elementor-column-gap-default\">\n\t\t\t\t\t<div class=\"elementor-column elementor-col-100 elementor-top-column elementor-element elementor-element-abf72fd\" data-id=\"abf72fd\" data-element_type=\"column\">\n\t\t\t<div class=\"elementor-widget-wrap elementor-element-populated\">\n\t\t\t\t\t\t<div class=\"elementor-element elementor-element-5485779 elementor-widget elementor-widget-text-editor\" data-id=\"5485779\" data-element_type=\"widget\" data-widget_type=\"text-editor.default\">\n\t\t\t\t<div class=\"elementor-widget-container\">\n\t\t\t\t\t\t\t\t\t<h2>Company Information<\/h2>\n<p><strong>Company name:<\/strong> SK Transports Geneva SA<br><strong>Address :<\/strong> Avenue de Chatelaine 70 CP 144, 1219 Ch\u00e2telaine Geneva, Switzerland<br><strong>Phone :<\/strong> +41 22 321 34 34<br><strong>Mobile :<\/strong> +41 79 321 34 34<br><strong>Fax:<\/strong> +41 22 321 34 46<br><strong>IDE number:<\/strong> CH-660.1.339.014-0<br><strong>Commercial Register:<\/strong> Geneva<\/p>\n<h2>Website hosting<\/h2>\n<p><strong>Host:<\/strong>&nbsp;KREATIV MEDIA \u2013 https:\/\/www.kreativmedia.ch\/fr\/<\/p>\n<h2>Intellectual property<\/h2>\n<p>All elements of the site (texts, images, logos, graphics, etc.) are protected by copyright and intellectual property.<br>Any reproduction, modification or use without prior authorization is prohibited.<\/p>\n<h2>Protection of personal data<\/h2>\n<p>In accordance with the Federal Data Protection Act (revised DPA, in force since September 1, 2023), Transports SK Gen\u00e8ve SA undertakes to respect the confidentiality of personal data collected via the site.<\/p>\n<p>The data collected via the contact form (last name, first name, email, telephone number, content of the message) are used only to respond to your request.<br>This data is not transmitted to any third party without your consent, except where legally required.<\/p>\n<p>The data is kept for the duration necessary to process the request and deleted at the latest after 12 months of inactivity, unless there is a legal obligation for extended retention.<\/p>\n<p>You have the right to access, rectify, delete and limit the processing of your data.<br>To exercise your rights, you can contact us by mail or via the contact details mentioned above.<\/p>\n<h2>Data security<\/h2>\n<p>Transports SK Gen\u00e8ve SA implements appropriate technical and organizational measures to ensure the security of personal data and prevent unauthorized access.<\/p>\n<h2>Cookies<\/h2>\n<p>The site only uses technical cookies necessary for its proper functioning. No tracking or advertising cookies are installed without your consent.<br>You can configure your browser to refuse the use of cookies.<\/p>\n<h2>Disclaimer<\/h2>\n<p>The information published on this website is provided for informational purposes only. While we strive to ensure the accuracy of the information, Transports SK Gen\u00e8ve SA cannot be held responsible for any errors or omissions, nor for the consequences resulting from their use.<\/p>\n<p>This website may contain links to external websites. Transports SK Gen\u00e8ve SA is not responsible for the content of these websites.<\/p>\n<h2>Applicable law and legal forum<\/h2>\n<p>This website is subject to Swiss law. In the event of a dispute, the legal venue is Geneva.<\/p>\t\t\t\t\t\t\t\t<\/div>\n\t\t\t\t<\/div>\n\t\t\t\t\t<\/div>\n\t\t<\/div>\n\t\t\t\t\t<\/div>\n\t\t<\/section>\n\t\t\t\t<\/div>","protected":false},"excerpt":{"rendered":"<p>Legal notices Company information Company name: Transports SK Gen\u00e8ve SA Address: Avenue de Chatelaine 70 CP 144, 1219 Ch\u00e2telaine Geneva, Switzerland Telephone: +41 22 321 34 34 Mobile: +41 79 321 34 34 Fax: +41 22 321 34 46 IDE number: CH-660.1.339.014-0 Commercial register: Geneva Website hosting Host: KREATIV MEDIA \u2013 [\u2026]<\/p>","protected":false},"author":1,"featured_media":0,"parent":0,"menu_order":0,"comment_status":"closed","ping_status":"closed","template":"","meta":{"footnotes":""},"class_list":["post-21","page","type-page","status-publish","hentry"],"yoast_head":"<!-- This site is optimized with the Yoast SEO plugin v25.3 - https:\/\/yoast.com\/wordpress\/plugins\/seo\/ -->\n<title>Mentions l\u00e9gales | SK Transports<\/title>\n<meta name=\"description\" content=\"Mentions l\u00e9gales de SK Transports, entreprise de transport de personnes \u00e0 mobilit\u00e9 r\u00e9duite sur Gen\u00e8ve et ses environs.\" \/>\n<meta name=\"robots\" content=\"index, follow, max-snippet:-1, max-image-preview:large, max-video-preview:-1\" \/>\n<link rel=\"canonical\" href=\"https:\/\/www.sk-transports.ch\/en\/legal-notices\/\" \/>\n<meta property=\"og:locale\" content=\"en_GB\" \/>\n<meta property=\"og:type\" content=\"article\" \/>\n<meta property=\"og:title\" content=\"Mentions l\u00e9gales | SK Transports\" \/>\n<meta property=\"og:description\" content=\"Mentions l\u00e9gales de SK Transports, entreprise de transport de personnes \u00e0 mobilit\u00e9 r\u00e9duite sur Gen\u00e8ve et ses environs.\" \/>\n<meta property=\"og:url\" content=\"https:\/\/www.sk-transports.ch\/en\/legal-notices\/\" \/>\n<meta property=\"og:site_name\" content=\"SK Transports\" \/>\n<meta property=\"article:modified_time\" content=\"2025-07-22T15:40:37+00:00\" \/>\n<meta property=\"og:image\" content=\"https:\/\/www.sk-transports.ch\/wp-content\/uploads\/2025\/06\/1-5.webp\" \/>\n\t<meta property=\"og:image:width\" content=\"2000\" \/>\n\t<meta property=\"og:image:height\" content=\"700\" \/>\n\t<meta property=\"og:image:type\" content=\"image\/webp\" \/>\n<meta name=\"twitter:card\" content=\"summary_large_image\" \/>\n<meta name=\"twitter:label1\" content=\"Estimated reading time\" \/>\n\t<meta name=\"twitter:data1\" content=\"2 minutes\" \/>\n<script type=\"application\/ld+json\" class=\"yoast-schema-graph\">{\"@context\":\"https:\/\/schema.org\",\"@graph\":[{\"@type\":\"WebPage\",\"@id\":\"https:\/\/www.sk-transports.ch\/mentions-legales\/\",\"url\":\"https:\/\/www.sk-transports.ch\/mentions-legales\/\",\"name\":\"Mentions l\u00e9gales | SK Transports\",\"isPartOf\":{\"@id\":\"https:\/\/www.sk-transports.ch\/#website\"},\"datePublished\":\"2025-06-14T16:59:18+00:00\",\"dateModified\":\"2025-07-22T15:40:37+00:00\",\"description\":\"Mentions l\u00e9gales de SK Transports, entreprise de transport de personnes \u00e0 mobilit\u00e9 r\u00e9duite sur Gen\u00e8ve et ses environs.\",\"breadcrumb\":{\"@id\":\"https:\/\/www.sk-transports.ch\/mentions-legales\/#breadcrumb\"},\"inLanguage\":\"en-GB\",\"potentialAction\":[{\"@type\":\"ReadAction\",\"target\":[\"https:\/\/www.sk-transports.ch\/mentions-legales\/\"]}]},{\"@type\":\"BreadcrumbList\",\"@id\":\"https:\/\/www.sk-transports.ch\/mentions-legales\/#breadcrumb\",\"itemListElement\":[{\"@type\":\"ListItem\",\"position\":1,\"name\":\"Accueil\",\"item\":\"https:\/\/www.sk-transports.ch\/\"},{\"@type\":\"ListItem\",\"position\":2,\"name\":\"Mentions l\u00e9gales\"}]},{\"@type\":\"WebSite\",\"@id\":\"https:\/\/www.sk-transports.ch\/#website\",\"url\":\"https:\/\/www.sk-transports.ch\/\",\"name\":\"SK Transports\",\"description\":\"Transports Assis Professionnels &amp; S\u00e9curis\u00e9s\",\"publisher\":{\"@id\":\"https:\/\/www.sk-transports.ch\/#organization\"},\"alternateName\":\"SK Transports Gen\u00e8ve\",\"potentialAction\":[{\"@type\":\"SearchAction\",\"target\":{\"@type\":\"EntryPoint\",\"urlTemplate\":\"https:\/\/www.sk-transports.ch\/?s={search_term_string}\"},\"query-input\":{\"@type\":\"PropertyValueSpecification\",\"valueRequired\":true,\"valueName\":\"search_term_string\"}}],\"inLanguage\":\"en-GB\"},{\"@type\":\"Organization\",\"@id\":\"https:\/\/www.sk-transports.ch\/#organization\",\"name\":\"SK Transports\",\"alternateName\":\"SK Transports Gen\u00e8ve\",\"url\":\"https:\/\/www.sk-transports.ch\/\",\"logo\":{\"@type\":\"ImageObject\",\"inLanguage\":\"en-GB\",\"@id\":\"https:\/\/www.sk-transports.ch\/#\/schema\/logo\/image\/\",\"url\":\"https:\/\/vweb-dev1.fr\/wp-content\/uploads\/2025\/06\/cropped-favicon-sk-transports.png\",\"contentUrl\":\"https:\/\/vweb-dev1.fr\/wp-content\/uploads\/2025\/06\/cropped-favicon-sk-transports.png\",\"width\":512,\"height\":512,\"caption\":\"SK Transports\"},\"image\":{\"@id\":\"https:\/\/www.sk-transports.ch\/#\/schema\/logo\/image\/\"}}]}<\/script>\n<!-- \/ Yoast SEO plugin. -->","yoast_head_json":{"title":"Mentions l\u00e9gales | SK Transports","description":"Mentions l\u00e9gales de SK Transports, entreprise de transport de personnes \u00e0 mobilit\u00e9 r\u00e9duite sur Gen\u00e8ve et ses environs.","robots":{"index":"index","follow":"follow","max-snippet":"max-snippet:-1","max-image-preview":"max-image-preview:large","max-video-preview":"max-video-preview:-1"},"canonical":"https:\/\/www.sk-transports.ch\/en\/legal-notices\/","og_locale":"en_GB","og_type":"article","og_title":"Mentions l\u00e9gales | SK Transports","og_description":"Mentions l\u00e9gales de SK Transports, entreprise de transport de personnes \u00e0 mobilit\u00e9 r\u00e9duite sur Gen\u00e8ve et ses environs.","og_url":"https:\/\/www.sk-transports.ch\/en\/legal-notices\/","og_site_name":"SK Transports","article_modified_time":"2025-07-22T15:40:37+00:00","og_image":[{"width":2000,"height":700,"url":"https:\/\/www.sk-transports.ch\/wp-content\/uploads\/2025\/06\/1-5.webp","type":"image\/webp"}],"twitter_card":"summary_large_image","twitter_misc":{"Estimated reading time":"2 minutes"},"schema":{"@context":"https:\/\/schema.org","@graph":[{"@type":"WebPage","@id":"https:\/\/www.sk-transports.ch\/mentions-legales\/","url":"https:\/\/www.sk-transports.ch\/mentions-legales\/","name":"Mentions l\u00e9gales | SK Transports","isPartOf":{"@id":"https:\/\/www.sk-transports.ch\/#website"},"datePublished":"2025-06-14T16:59:18+00:00","dateModified":"2025-07-22T15:40:37+00:00","description":"Mentions l\u00e9gales de SK Transports, entreprise de transport de personnes \u00e0 mobilit\u00e9 r\u00e9duite sur Gen\u00e8ve et ses environs.","breadcrumb":{"@id":"https:\/\/www.sk-transports.ch\/mentions-legales\/#breadcrumb"},"inLanguage":"en-GB","potentialAction":[{"@type":"ReadAction","target":["https:\/\/www.sk-transports.ch\/mentions-legales\/"]}]},{"@type":"BreadcrumbList","@id":"https:\/\/www.sk-transports.ch\/mentions-legales\/#breadcrumb","itemListElement":[{"@type":"ListItem","position":1,"name":"Accueil","item":"https:\/\/www.sk-transports.ch\/"},{"@type":"ListItem","position":2,"name":"Mentions l\u00e9gales"}]},{"@type":"WebSite","@id":"https:\/\/www.sk-transports.ch\/#website","url":"https:\/\/www.sk-transports.ch\/","name":"SK Transports","description":"Transports Assis Professionnels &amp; S\u00e9curis\u00e9s","publisher":{"@id":"https:\/\/www.sk-transports.ch\/#organization"},"alternateName":"SK Transports Gen\u00e8ve","potentialAction":[{"@type":"SearchAction","target":{"@type":"EntryPoint","urlTemplate":"https:\/\/www.sk-transports.ch\/?s={search_term_string}"},"query-input":{"@type":"PropertyValueSpecification","valueRequired":true,"valueName":"search_term_string"}}],"inLanguage":"en-GB"},{"@type":"Organization","@id":"https:\/\/www.sk-transports.ch\/#organization","name":"SK Transports","alternateName":"SK Transports Gen\u00e8ve","url":"https:\/\/www.sk-transports.ch\/","logo":{"@type":"ImageObject","inLanguage":"en-GB","@id":"https:\/\/www.sk-transports.ch\/#\/schema\/logo\/image\/","url":"https:\/\/vweb-dev1.fr\/wp-content\/uploads\/2025\/06\/cropped-favicon-sk-transports.png","contentUrl":"https:\/\/vweb-dev1.fr\/wp-content\/uploads\/2025\/06\/cropped-favicon-sk-transports.png","width":512,"height":512,"caption":"SK Transports"},"image":{"@id":"https:\/\/www.sk-transports.ch\/#\/schema\/logo\/image\/"}}]}},"_links":{"self":[{"href":"https:\/\/www.sk-transports.ch\/en\/wp-json\/wp\/v2\/pages\/21","targetHints":{"allow":["GET"]}}],"collection":[{"href":"https:\/\/www.sk-transports.ch\/en\/wp-json\/wp\/v2\/pages"}],"about":[{"href":"https:\/\/www.sk-transports.ch\/en\/wp-json\/wp\/v2\/types\/page"}],"author":[{"embeddable":true,"href":"https:\/\/www.sk-transports.ch\/en\/wp-json\/wp\/v2\/users\/1"}],"replies":[{"embeddable":true,"href":"https:\/\/www.sk-transports.ch\/en\/wp-json\/wp\/v2\/comments?post=21"}],"version-history":[{"count":13,"href":"https:\/\/www.sk-transports.ch\/en\/wp-json\/wp\/v2\/pages\/21\/revisions"}],"predecessor-version":[{"id":591,"href":"https:\/\/www.sk-transports.ch\/en\/wp-json\/wp\/v2\/pages\/21\/revisions\/591"}],"wp:attachment":[{"href":"https:\/\/www.sk-transports.ch\/en\/wp-json\/wp\/v2\/media?parent=21"}],"curies":[{"name":"wp","href":"https:\/\/api.w.org\/{rel}","templated":true}]}}